{"id":257,"date":"2026-03-03T12:29:00","date_gmt":"2026-03-03T12:29:00","guid":{"rendered":"https:\/\/www.hormile.fi\/?page_id=257"},"modified":"2026-04-07T10:08:49","modified_gmt":"2026-04-07T10:08:49","slug":"hormile-4","status":"publish","type":"page","link":"https:\/\/www.hormile.fi\/","title":{"rendered":"Hormile"},"content":{"rendered":"<p>[et_pb_section fb_built=&#8221;1&#8243; _builder_version=&#8221;4.27.0&#8243; _module_preset=&#8221;default&#8221; background_image=&#8221;https:\/\/www.hormile.fi\/wp-content\/uploads\/2021\/11\/Nuohooja-Mika-Leskinen-2048&#215;1424-1.jpg&#8221; min_height=&#8221;551.3px&#8221; custom_padding=&#8221;||253px|||&#8221; global_colors_info=&#8221;{}&#8221;][et_pb_row column_structure=&#8221;1_2,1_2&#8243; _builder_version=&#8221;4.16&#8243; _module_preset=&#8221;default&#8221; global_colors_info=&#8221;{}&#8221;][et_pb_column type=&#8221;1_2&#8243; _builder_version=&#8221;4.16&#8243; _module_preset=&#8221;default&#8221; global_colors_info=&#8221;{}&#8221;][\/et_pb_column][et_pb_column type=&#8221;1_2&#8243; _builder_version=&#8221;4.16&#8243; _module_preset=&#8221;default&#8221; global_colors_info=&#8221;{}&#8221;][et_pb_text _builder_version=&#8221;4.27.4&#8243; _module_preset=&#8221;default&#8221; text_font=&#8221;|700|||||||&#8221; text_text_color=&#8221;#0c71c3&#8243; text_font_size=&#8221;31px&#8221; text_letter_spacing=&#8221;1px&#8221; text_line_height=&#8221;1.4em&#8221; background_color=&#8221;rgba(255,255,255,0.76)&#8221; text_orientation=&#8221;center&#8221; custom_padding=&#8221;50px||50px||true|false&#8221; hover_enabled=&#8221;0&#8243; border_radii=&#8221;on|10px|10px|10px|10px&#8221; global_colors_info=&#8221;{}&#8221; header_line_height=&#8221;1.2em&#8221; sticky_enabled=&#8221;0&#8243;]<\/p>\n<p>Toimintamme on<br \/>p\u00e4\u00e4ttynyt.<\/p>\n<p>Kiit\u00e4mme kaikkia asiakkaitamme menneist\u00e4 vuosista.<\/p>\n<p>[\/et_pb_text][\/et_pb_column][\/et_pb_row][\/et_pb_section]<\/p>\n","protected":false},"excerpt":{"rendered":"<p>Toimintamme onp\u00e4\u00e4ttynyt. Kiit\u00e4mme kaikkia asiakkaitamme menneist\u00e4 vuosista.<\/p>\n","protected":false},"author":1,"featured_media":0,"parent":0,"menu_order":0,"comment_status":"closed","ping_status":"closed","template":"","meta":{"_et_pb_use_builder":"on","_et_pb_old_content":"","_et_gb_content_width":"","footnotes":""},"class_list":["post-257","page","type-page","status-publish","hentry"],"_links":{"self":[{"href":"https:\/\/www.hormile.fi\/index.php\/wp-json\/wp\/v2\/pages\/257","targetHints":{"allow":["GET"]}}],"collection":[{"href":"https:\/\/www.hormile.fi\/index.php\/wp-json\/wp\/v2\/pages"}],"about":[{"href":"https:\/\/www.hormile.fi\/index.php\/wp-json\/wp\/v2\/types\/page"}],"author":[{"embeddable":true,"href":"https:\/\/www.hormile.fi\/index.php\/wp-json\/wp\/v2\/users\/1"}],"replies":[{"embeddable":true,"href":"https:\/\/www.hormile.fi\/index.php\/wp-json\/wp\/v2\/comments?post=257"}],"version-history":[{"count":3,"href":"https:\/\/www.hormile.fi\/index.php\/wp-json\/wp\/v2\/pages\/257\/revisions"}],"predecessor-version":[{"id":270,"href":"https:\/\/www.hormile.fi\/index.php\/wp-json\/wp\/v2\/pages\/257\/revisions\/270"}],"wp:attachment":[{"href":"https:\/\/www.hormile.fi\/index.php\/wp-json\/wp\/v2\/media?parent=257"}],"curies":[{"name":"wp","href":"https:\/\/api.w.org\/{rel}","templated":true}]}}